{"id":6283,"date":"2018-09-10T17:54:59","date_gmt":"2018-09-10T15:54:59","guid":{"rendered":"http:\/\/elektrart.com\/?page_id=6283"},"modified":"2024-10-14T20:09:57","modified_gmt":"2024-10-14T18:09:57","slug":"contact","status":"publish","type":"page","link":"https:\/\/elektrart.com\/en\/contact\/","title":{"rendered":"Contact"},"content":{"rendered":"[vc_row type=&#8221;full_width_background&#8221; full_screen_row_position=&#8221;middle&#8221; column_margin=&#8221;default&#8221; column_direction=&#8221;default&#8221; column_direction_tablet=&#8221;default&#8221; column_direction_phone=&#8221;default&#8221; bg_color=&#8221;#282828&#8243; bg_image=&#8221;7121&#8243; bg_position=&#8221;left top&#8221; background_image_loading=&#8221;default&#8221; bg_repeat=&#8221;no-repeat&#8221; scene_position=&#8221;center&#8221; top_padding=&#8221;70&#8243; bottom_padding=&#8221;70&#8243; text_color=&#8221;light&#8221; text_align=&#8221;center&#8221; row_border_radius=&#8221;none&#8221; row_border_radius_applies=&#8221;bg&#8221; overflow=&#8221;visible&#8221; overlay_strength=&#8221;0.3&#8243; gradient_direction=&#8221;left_to_right&#8221; shape_divider_position=&#8221;bottom&#8221; bg_image_animation=&#8221;none&#8221; shape_type=&#8221;&#8221;][vc_column column_padding=&#8221;no-extra-padding&#8221; column_padding_tablet=&#8221;inherit&#8221; column_padding_phone=&#8221;inherit&#8221; column_padding_position=&#8221;all&#8221; column_element_direction_desktop=&#8221;default&#8221; column_element_spacing=&#8221;default&#8221; desktop_text_alignment=&#8221;default&#8221; tablet_text_alignment=&#8221;default&#8221; phone_text_alignment=&#8221;default&#8221; background_color_opacity=&#8221;1&#8243; background_hover_color_opacity=&#8221;1&#8243; column_backdrop_filter=&#8221;none&#8221; column_shadow=&#8221;none&#8221; column_border_radius=&#8221;none&#8221; column_link_target=&#8221;_self&#8221; column_position=&#8221;default&#8221; gradient_direction=&#8221;left_to_right&#8221; overlay_strength=&#8221;0.3&#8243; width=&#8221;1\/1&#8243; tablet_width_inherit=&#8221;default&#8221; animation_type=&#8221;default&#8221; bg_image_animation=&#8221;none&#8221; border_type=&#8221;simple&#8221; column_border_width=&#8221;none&#8221; column_border_style=&#8221;solid&#8221;][vc_column_text]\n<h1>We are ElektrART<\/h1>\n<h2>A very creative and technologic studio formed by multi disciplinary artists working in hybridization projects related to Art and Technology. We will help you to design the future together.<\/h2>\n[\/vc_column_text][\/vc_column][\/vc_row][vc_row type=&#8221;full_width_background&#8221; full_screen_row_position=&#8221;middle&#8221; column_margin=&#8221;default&#8221; column_direction=&#8221;default&#8221; column_direction_tablet=&#8221;default&#8221; column_direction_phone=&#8221;default&#8221; bg_color=&#8221;#f7f7f7&#8243; scene_position=&#8221;center&#8221; top_padding=&#8221;70&#8243; bottom_padding=&#8221;60&#8243; text_color=&#8221;dark&#8221; text_align=&#8221;left&#8221; row_border_radius=&#8221;none&#8221; row_border_radius_applies=&#8221;bg&#8221; overflow=&#8221;visible&#8221; overlay_strength=&#8221;0.3&#8243; gradient_direction=&#8221;left_to_right&#8221; shape_divider_position=&#8221;bottom&#8221; bg_image_animation=&#8221;none&#8221;][vc_column column_padding=&#8221;no-extra-padding&#8221; column_padding_tablet=&#8221;inherit&#8221; column_padding_phone=&#8221;inherit&#8221; column_padding_position=&#8221;all&#8221; column_element_direction_desktop=&#8221;default&#8221; column_element_spacing=&#8221;default&#8221; desktop_text_alignment=&#8221;default&#8221; tablet_text_alignment=&#8221;default&#8221; phone_text_alignment=&#8221;default&#8221; background_color_opacity=&#8221;1&#8243; background_hover_color_opacity=&#8221;1&#8243; column_backdrop_filter=&#8221;none&#8221; column_shadow=&#8221;none&#8221; column_border_radius=&#8221;none&#8221; column_link_target=&#8221;_self&#8221; column_position=&#8221;default&#8221; gradient_direction=&#8221;left_to_right&#8221; overlay_strength=&#8221;0.3&#8243; width=&#8221;2\/3&#8243; tablet_width_inherit=&#8221;default&#8221; animation_type=&#8221;default&#8221; bg_image_animation=&#8221;none&#8221; border_type=&#8221;simple&#8221; column_border_width=&#8221;none&#8221; column_border_style=&#8221;solid&#8221;][vc_column_text css=&#8221;&#8221; text_direction=&#8221;default&#8221;]<div class=\"wpforms-container wpforms-container-full wpforms-render-modern\" id=\"wpforms-8551\"><form id=\"wpforms-form-8551\" class=\"wpforms-validate wpforms-form wpforms-ajax-form\" data-formid=\"8551\" method=\"post\" enctype=\"multipart\/form-data\" action=\"\/en\/wp-json\/wp\/v2\/pages\/6283\" data-token=\"88222e4917525ad74a2cef1c869eebfb\" data-token-time=\"1776792875\"><noscript class=\"wpforms-error-noscript\">Please enable JavaScript in your browser to complete this form.<\/noscript><div class=\"wpforms-hidden\" id=\"wpforms-error-noscript\">Please enable JavaScript in your browser to complete this form.<\/div><div class=\"wpforms-field-container\"><div id=\"wpforms-8551-field_1-container\" class=\"wpforms-field wpforms-field-name\" data-field-id=\"1\"><label class=\"wpforms-field-label\" for=\"wpforms-8551-field_1\">Nombre <span class=\"wpforms-required-label\" aria-hidden=\"true\">*<\/span><\/label><input type=\"text\" id=\"wpforms-8551-field_1\" class=\"wpforms-field-medium wpforms-field-required\" name=\"wpforms[fields][1]\" placeholder=\"Escribe aqu\u00ed tu nombre completo.\" aria-errormessage=\"wpforms-8551-field_1-error\" required><\/div><div id=\"wpforms-8551-field_2-container\" class=\"wpforms-field wpforms-field-email\" data-field-id=\"2\"><label class=\"wpforms-field-label\" for=\"wpforms-8551-field_2\">Email <span class=\"wpforms-required-label\" aria-hidden=\"true\">*<\/span><\/label><input type=\"email\" id=\"wpforms-8551-field_2\" class=\"wpforms-field-medium wpforms-field-required\" name=\"wpforms[fields][2]\" placeholder=\"Escribe tu email. Aseg\u00farate de ponerlo correctamente si quieres que te contestemos.\" spellcheck=\"false\" aria-errormessage=\"wpforms-8551-field_2-error\" required><\/div><div id=\"wpforms-8551-field_4-container\" class=\"wpforms-field wpforms-field-text\" data-field-id=\"4\"><label class=\"wpforms-field-label\" for=\"wpforms-8551-field_4\">Asunto<\/label><input type=\"text\" id=\"wpforms-8551-field_4\" class=\"wpforms-field-medium\" name=\"wpforms[fields][4]\" placeholder=\"Ponle un t\u00edtulo a tu mernsaje.\" aria-errormessage=\"wpforms-8551-field_4-error\" ><\/div><div id=\"wpforms-8551-field_3-container\" class=\"wpforms-field wpforms-field-textarea\" data-field-id=\"3\"><label class=\"wpforms-field-label\" for=\"wpforms-8551-field_3\">Mensaje <span class=\"wpforms-required-label\" aria-hidden=\"true\">*<\/span><\/label><textarea id=\"wpforms-8551-field_3\" class=\"wpforms-field-medium wpforms-field-required\" name=\"wpforms[fields][3]\" placeholder=\"Escribe aqu\u00ed tu mensaje, ya tendremos ocasi\u00f3n de profundizar, as\u00ed que intenta ser breve y conciso\/a.\" aria-errormessage=\"wpforms-8551-field_3-error\" required><\/textarea><\/div><\/div><!-- .wpforms-field-container --><div class=\"wpforms-recaptcha-container wpforms-is-recaptcha wpforms-is-recaptcha-type-v2\" ><div class=\"g-recaptcha\" data-sitekey=\"6LczdlMqAAAAAJpawZkALc-Gc3YLRmwuCsGMdLNW\"><\/div><input type=\"text\" name=\"g-recaptcha-hidden\" class=\"wpforms-recaptcha-hidden\" style=\"position:absolute!important;clip:rect(0,0,0,0)!important;height:1px!important;width:1px!important;border:0!important;overflow:hidden!important;padding:0!important;margin:0!important;\" data-rule-recaptcha=\"1\"><\/div><div class=\"wpforms-submit-container\" ><input type=\"hidden\" name=\"wpforms[id]\" value=\"8551\"><input type=\"hidden\" name=\"page_title\" value=\"\"><input type=\"hidden\" name=\"page_url\" value=\"https:\/\/elektrart.com\/en\/wp-json\/wp\/v2\/pages\/6283\"><button type=\"submit\" name=\"wpforms[submit]\" id=\"wpforms-submit-8551\" class=\"wpforms-submit\" data-alt-text=\"Enviando...\" data-submit-text=\"Enviar ahora\" aria-live=\"assertive\" value=\"wpforms-submit\">Enviar ahora<\/button><img loading=\"lazy\" decoding=\"async\" src=\"https:\/\/elektrart.com\/wp-content\/plugins\/wpforms-lite\/assets\/images\/submit-spin.svg\" class=\"wpforms-submit-spinner\" style=\"display: none;\" width=\"26\" height=\"26\" alt=\"Loading\"><\/div><\/form><\/div>  <!-- .wpforms-container -->[\/vc_column_text][\/vc_column][vc_column column_padding=&#8221;no-extra-padding&#8221; column_padding_tablet=&#8221;inherit&#8221; column_padding_phone=&#8221;inherit&#8221; column_padding_position=&#8221;all&#8221; column_element_direction_desktop=&#8221;default&#8221; column_element_spacing=&#8221;default&#8221; desktop_text_alignment=&#8221;default&#8221; tablet_text_alignment=&#8221;default&#8221; phone_text_alignment=&#8221;default&#8221; background_color_opacity=&#8221;1&#8243; background_hover_color_opacity=&#8221;1&#8243; column_backdrop_filter=&#8221;none&#8221; column_shadow=&#8221;none&#8221; column_border_radius=&#8221;none&#8221; column_link_target=&#8221;_self&#8221; column_position=&#8221;default&#8221; gradient_direction=&#8221;left_to_right&#8221; overlay_strength=&#8221;0.3&#8243; width=&#8221;1\/3&#8243; tablet_width_inherit=&#8221;default&#8221; animation_type=&#8221;default&#8221; bg_image_animation=&#8221;none&#8221; border_type=&#8221;simple&#8221; column_border_width=&#8221;none&#8221; column_border_style=&#8221;solid&#8221;][vc_column_text]\n<h4>Tell us your dream.<\/h4>\n<p>Believe in dreams and tell us about them. In ElektrART, which is formed by an international community of artists and tech lovers, we will look for a creative solution through the fusion between art and technology. <strong>We want to change the way in which we understand the world through art and technology and design the future together<\/strong>.<\/p>\n<p>Follow us in Linkedin:<br \/>\n<script src=\"https:\/\/platform.linkedin.com\/in.js\" type=\"text\/javascript\"> lang: en_US<\/script><br \/>\n<script type=\"IN\/FollowCompany\" data-id=\"11852272\" data-counter=\"bottom\"><\/script><\/p>\n<h4>Art and Technology<\/h4>\n<p>We believe in the need of bringing up to date of the Cultural and Creative Industries through the creative integration of advanced technologies such as virtual reality, 3D Digitalisation, augmented reality and more.<\/p>\n<p>We love creating, and we enjoy the whole project during the conceptualisation, design and the realisation of the installations and other projects in the fusion between art and technology.[\/vc_column_text][\/vc_column][\/vc_row][vc_row type=&#8221;full_width_content&#8221; full_screen_row_position=&#8221;middle&#8221; column_margin=&#8221;default&#8221; column_direction=&#8221;default&#8221; column_direction_tablet=&#8221;default&#8221; column_direction_phone=&#8221;default&#8221; scene_position=&#8221;center&#8221; text_color=&#8221;dark&#8221; text_align=&#8221;left&#8221; row_border_radius=&#8221;none&#8221; row_border_radius_applies=&#8221;bg&#8221; overflow=&#8221;visible&#8221; overlay_strength=&#8221;0.3&#8243; gradient_direction=&#8221;left_to_right&#8221; shape_divider_position=&#8221;bottom&#8221; bg_image_animation=&#8221;none&#8221;][vc_column column_padding=&#8221;no-extra-padding&#8221; column_padding_tablet=&#8221;inherit&#8221; column_padding_phone=&#8221;inherit&#8221; column_padding_position=&#8221;all&#8221; column_element_direction_desktop=&#8221;default&#8221; column_element_spacing=&#8221;default&#8221; desktop_text_alignment=&#8221;default&#8221; tablet_text_alignment=&#8221;default&#8221; phone_text_alignment=&#8221;default&#8221; background_color_opacity=&#8221;1&#8243; background_hover_color_opacity=&#8221;1&#8243; column_backdrop_filter=&#8221;none&#8221; column_shadow=&#8221;none&#8221; column_border_radius=&#8221;none&#8221; column_link_target=&#8221;_self&#8221; column_position=&#8221;default&#8221; gradient_direction=&#8221;left_to_right&#8221; overlay_strength=&#8221;0.3&#8243; width=&#8221;1\/1&#8243; tablet_width_inherit=&#8221;default&#8221; animation_type=&#8221;default&#8221; bg_image_animation=&#8221;none&#8221; border_type=&#8221;simple&#8221; column_border_width=&#8221;none&#8221; column_border_style=&#8221;solid&#8221;][nectar_gmap map_type=&#8221;google&#8221; zoom=&#8221;16&#8243; enable_zoom=&#8221;1&#8243; marker_style=&#8221;default&#8221; nectar_marker_color=&#8221;accent-color&#8221; marker_image=&#8221;2352&#8243; map_greyscale=&#8221;1&#8243; marker_animation=&#8221;1&#8243; size=&#8221;500&#8243; map_center_lat=&#8221;43.326394&#8243; map_center_lng=&#8221;-3.015024&#8243; map_markers=&#8221;52.366441|4.868499|Our awesome location<br \/>\n52.363506|4.864336|Don&#8217;t judge us for owning so many locations<br \/>\n52.363506|4.887446|You can have unlimited markers on your map!<br \/>\n52.366034|4.854391|Our Map element also supports custom coloring<br \/>\n52.364986|4.877393|Come visit us at our location!<br \/>\n52.366991|4.883476|Locations, locations, locations&#8221;][\/vc_column][\/vc_row]\n","protected":false},"excerpt":{"rendered":"<p>[vc_row type=&#8221;full_width_background&#8221; full_screen_row_position=&#8221;middle&#8221; column_margin=&#8221;default&#8221; column_direction=&#8221;default&#8221; column_direction_tablet=&#8221;default&#8221; column_direction_phone=&#8221;default&#8221; bg_color=&#8221;#282828&#8243; bg_image=&#8221;7121&#8243; bg_position=&#8221;left top&#8221; background_image_loading=&#8221;default&#8221; bg_repeat=&#8221;no-repeat&#8221; scene_position=&#8221;center&#8221; top_padding=&#8221;70&#8243; bottom_padding=&#8221;70&#8243; text_color=&#8221;light&#8221; text_align=&#8221;center&#8221; row_border_radius=&#8221;none&#8221; row_border_radius_applies=&#8221;bg&#8221; overflow=&#8221;visible&#8221; overlay_strength=&#8221;0.3&#8243; gradient_direction=&#8221;left_to_right&#8221; shape_divider_position=&#8221;bottom&#8221; bg_image_animation=&#8221;none&#8221; shape_type=&#8221;&#8221;][vc_column column_padding=&#8221;no-extra-padding&#8221; column_padding_tablet=&#8221;inherit&#8221; column_padding_phone=&#8221;inherit&#8221; column_padding_position=&#8221;all&#8221;&#8230;<\/p>\n","protected":false},"author":1,"featured_media":6158,"parent":0,"menu_order":12,"comment_status":"open","ping_status":"open","template":"","meta":{"footnotes":""},"class_list":["post-6283","page","type-page","status-publish","has-post-thumbnail"],"yoast_head":"<!-- This site is optimized with the Yoast SEO plugin v23.4 - https:\/\/yoast.com\/wordpress\/plugins\/seo\/ -->\n<title>Contact - ElektrART<\/title>\n<meta name=\"description\" content=\"Tell us your dream. We want to change the way in which we understand the world through art and technology and design the future together.\" \/>\n<meta name=\"robots\" content=\"index, follow, max-snippet:-1, max-image-preview:large, max-video-preview:-1\" \/>\n<link rel=\"canonical\" href=\"https:\/\/elektrart.com\/en\/contact\/\" \/>\n<meta property=\"og:locale\" content=\"en_US\" \/>\n<meta property=\"og:type\" content=\"article\" \/>\n<meta property=\"og:title\" content=\"Contact with ElektrART\" \/>\n<meta property=\"og:description\" content=\"Tell us your dream. We want to change the way in which we understand the world through art and technology and design the future together.\" \/>\n<meta property=\"og:url\" content=\"https:\/\/elektrart.com\/en\/contact\/\" \/>\n<meta property=\"og:site_name\" content=\"ElektrART\" \/>\n<meta property=\"article:publisher\" content=\"https:\/\/www.facebook.com\/elektrart\/\" \/>\n<meta property=\"article:modified_time\" content=\"2024-10-14T18:09:57+00:00\" \/>\n<meta property=\"og:image\" content=\"https:\/\/elektrart.com\/wp-content\/uploads\/2018\/09\/Vjing-03.jpg\" \/>\n\t<meta property=\"og:image:width\" content=\"1281\" \/>\n\t<meta property=\"og:image:height\" content=\"810\" \/>\n\t<meta property=\"og:image:type\" content=\"image\/jpeg\" \/>\n<meta name=\"twitter:card\" content=\"summary_large_image\" \/>\n<meta name=\"twitter:title\" content=\"Contact with ElektrART\" \/>\n<meta name=\"twitter:description\" content=\"Tell us your dream. We want to change the way in which we understand the world through art and technology and design the future together.\" \/>\n<meta name=\"twitter:image\" content=\"http:\/\/elektrart.com\/wp-content\/uploads\/2018\/09\/Vjing-03.jpg\" \/>\n<meta name=\"twitter:site\" content=\"@elektr_ART\" \/>\n<meta name=\"twitter:label1\" content=\"Est. reading time\" \/>\n\t<meta name=\"twitter:data1\" content=\"2 minutes\" \/>\n<script type=\"application\/ld+json\" class=\"yoast-schema-graph\">{\"@context\":\"https:\/\/schema.org\",\"@graph\":[{\"@type\":\"WebPage\",\"@id\":\"https:\/\/elektrart.com\/en\/contact\/\",\"url\":\"https:\/\/elektrart.com\/en\/contact\/\",\"name\":\"Contact - ElektrART\",\"isPartOf\":{\"@id\":\"https:\/\/elektrart.com\/#website\"},\"primaryImageOfPage\":{\"@id\":\"https:\/\/elektrart.com\/en\/contact\/#primaryimage\"},\"image\":{\"@id\":\"https:\/\/elektrart.com\/en\/contact\/#primaryimage\"},\"thumbnailUrl\":\"https:\/\/elektrart.com\/wp-content\/uploads\/2018\/09\/Vjing-03.jpg\",\"datePublished\":\"2018-09-10T15:54:59+00:00\",\"dateModified\":\"2024-10-14T18:09:57+00:00\",\"description\":\"Tell us your dream. We want to change the way in which we understand the world through art and technology and design the future together.\",\"breadcrumb\":{\"@id\":\"https:\/\/elektrart.com\/en\/contact\/#breadcrumb\"},\"inLanguage\":\"en-US\",\"potentialAction\":[{\"@type\":\"ReadAction\",\"target\":[\"https:\/\/elektrart.com\/en\/contact\/\"]}]},{\"@type\":\"ImageObject\",\"inLanguage\":\"en-US\",\"@id\":\"https:\/\/elektrart.com\/en\/contact\/#primaryimage\",\"url\":\"https:\/\/elektrart.com\/wp-content\/uploads\/2018\/09\/Vjing-03.jpg\",\"contentUrl\":\"https:\/\/elektrart.com\/wp-content\/uploads\/2018\/09\/Vjing-03.jpg\",\"width\":1281,\"height\":810,\"caption\":\"Vjing shows\"},{\"@type\":\"BreadcrumbList\",\"@id\":\"https:\/\/elektrart.com\/en\/contact\/#breadcrumb\",\"itemListElement\":[{\"@type\":\"ListItem\",\"position\":1,\"name\":\"Home\",\"item\":\"https:\/\/elektrart.com\/en\/\"},{\"@type\":\"ListItem\",\"position\":2,\"name\":\"Contact\"}]},{\"@type\":\"WebSite\",\"@id\":\"https:\/\/elektrart.com\/#website\",\"url\":\"https:\/\/elektrart.com\/\",\"name\":\"ElektrART\",\"description\":\"arte. tecnolog\u00eda. emoci\u00f3n\",\"potentialAction\":[{\"@type\":\"SearchAction\",\"target\":{\"@type\":\"EntryPoint\",\"urlTemplate\":\"https:\/\/elektrart.com\/?s={search_term_string}\"},\"query-input\":{\"@type\":\"PropertyValueSpecification\",\"valueRequired\":true,\"valueName\":\"search_term_string\"}}],\"inLanguage\":\"en-US\"}]}<\/script>\n<!-- \/ Yoast SEO plugin. -->","yoast_head_json":{"title":"Contact - ElektrART","description":"Tell us your dream. We want to change the way in which we understand the world through art and technology and design the future together.","robots":{"index":"index","follow":"follow","max-snippet":"max-snippet:-1","max-image-preview":"max-image-preview:large","max-video-preview":"max-video-preview:-1"},"canonical":"https:\/\/elektrart.com\/en\/contact\/","og_locale":"en_US","og_type":"article","og_title":"Contact with ElektrART","og_description":"Tell us your dream. We want to change the way in which we understand the world through art and technology and design the future together.","og_url":"https:\/\/elektrart.com\/en\/contact\/","og_site_name":"ElektrART","article_publisher":"https:\/\/www.facebook.com\/elektrart\/","article_modified_time":"2024-10-14T18:09:57+00:00","og_image":[{"width":1281,"height":810,"url":"https:\/\/elektrart.com\/wp-content\/uploads\/2018\/09\/Vjing-03.jpg","type":"image\/jpeg"}],"twitter_card":"summary_large_image","twitter_title":"Contact with ElektrART","twitter_description":"Tell us your dream. We want to change the way in which we understand the world through art and technology and design the future together.","twitter_image":"http:\/\/elektrart.com\/wp-content\/uploads\/2018\/09\/Vjing-03.jpg","twitter_site":"@elektr_ART","twitter_misc":{"Est. reading time":"2 minutes"},"schema":{"@context":"https:\/\/schema.org","@graph":[{"@type":"WebPage","@id":"https:\/\/elektrart.com\/en\/contact\/","url":"https:\/\/elektrart.com\/en\/contact\/","name":"Contact - ElektrART","isPartOf":{"@id":"https:\/\/elektrart.com\/#website"},"primaryImageOfPage":{"@id":"https:\/\/elektrart.com\/en\/contact\/#primaryimage"},"image":{"@id":"https:\/\/elektrart.com\/en\/contact\/#primaryimage"},"thumbnailUrl":"https:\/\/elektrart.com\/wp-content\/uploads\/2018\/09\/Vjing-03.jpg","datePublished":"2018-09-10T15:54:59+00:00","dateModified":"2024-10-14T18:09:57+00:00","description":"Tell us your dream. We want to change the way in which we understand the world through art and technology and design the future together.","breadcrumb":{"@id":"https:\/\/elektrart.com\/en\/contact\/#breadcrumb"},"inLanguage":"en-US","potentialAction":[{"@type":"ReadAction","target":["https:\/\/elektrart.com\/en\/contact\/"]}]},{"@type":"ImageObject","inLanguage":"en-US","@id":"https:\/\/elektrart.com\/en\/contact\/#primaryimage","url":"https:\/\/elektrart.com\/wp-content\/uploads\/2018\/09\/Vjing-03.jpg","contentUrl":"https:\/\/elektrart.com\/wp-content\/uploads\/2018\/09\/Vjing-03.jpg","width":1281,"height":810,"caption":"Vjing shows"},{"@type":"BreadcrumbList","@id":"https:\/\/elektrart.com\/en\/contact\/#breadcrumb","itemListElement":[{"@type":"ListItem","position":1,"name":"Home","item":"https:\/\/elektrart.com\/en\/"},{"@type":"ListItem","position":2,"name":"Contact"}]},{"@type":"WebSite","@id":"https:\/\/elektrart.com\/#website","url":"https:\/\/elektrart.com\/","name":"ElektrART","description":"arte. tecnolog\u00eda. emoci\u00f3n","potentialAction":[{"@type":"SearchAction","target":{"@type":"EntryPoint","urlTemplate":"https:\/\/elektrart.com\/?s={search_term_string}"},"query-input":{"@type":"PropertyValueSpecification","valueRequired":true,"valueName":"search_term_string"}}],"inLanguage":"en-US"}]}},"_links":{"self":[{"href":"https:\/\/elektrart.com\/en\/wp-json\/wp\/v2\/pages\/6283"}],"collection":[{"href":"https:\/\/elektrart.com\/en\/wp-json\/wp\/v2\/pages"}],"about":[{"href":"https:\/\/elektrart.com\/en\/wp-json\/wp\/v2\/types\/page"}],"author":[{"embeddable":true,"href":"https:\/\/elektrart.com\/en\/wp-json\/wp\/v2\/users\/1"}],"replies":[{"embeddable":true,"href":"https:\/\/elektrart.com\/en\/wp-json\/wp\/v2\/comments?post=6283"}],"version-history":[{"count":8,"href":"https:\/\/elektrart.com\/en\/wp-json\/wp\/v2\/pages\/6283\/revisions"}],"predecessor-version":[{"id":10269,"href":"https:\/\/elektrart.com\/en\/wp-json\/wp\/v2\/pages\/6283\/revisions\/10269"}],"wp:featuredmedia":[{"embeddable":true,"href":"https:\/\/elektrart.com\/en\/wp-json\/wp\/v2\/media\/6158"}],"wp:attachment":[{"href":"https:\/\/elektrart.com\/en\/wp-json\/wp\/v2\/media?parent=6283"}],"curies":[{"name":"wp","href":"https:\/\/api.w.org\/{rel}","templated":true}]}}